{"id":35,"date":"2023-03-06T15:44:44","date_gmt":"2023-03-06T14:44:44","guid":{"rendered":"http:\/\/wp12463810.server-he.de\/schulen\/1001\/?page_id=35"},"modified":"2025-06-29T12:24:28","modified_gmt":"2025-06-29T10:24:28","slug":"__trashed-12","status":"publish","type":"page","link":"https:\/\/gehlsdorfer-grundschule.de\/index.php\/__trashed-12\/","title":{"rendered":"weitere Kooperationspartner"},"content":{"rendered":"<div class=\"wp-block-image\">\n<figure class=\"aligncenter size-large is-resized\"><img loading=\"lazy\" decoding=\"async\" width=\"1024\" height=\"1024\" src=\"https:\/\/gehlsdorfer-grundschule.de\/wp-content\/uploads\/2025\/06\/1000091318-1024x1024.jpg\" alt=\"\" class=\"wp-image-1018\" style=\"width:246px;height:auto\" srcset=\"https:\/\/gehlsdorfer-grundschule.de\/wp-content\/uploads\/2025\/06\/1000091318-1024x1024.jpg 1024w, https:\/\/gehlsdorfer-grundschule.de\/wp-content\/uploads\/2025\/06\/1000091318-300x300.jpg 300w, https:\/\/gehlsdorfer-grundschule.de\/wp-content\/uploads\/2025\/06\/1000091318-150x150.jpg 150w, https:\/\/gehlsdorfer-grundschule.de\/wp-content\/uploads\/2025\/06\/1000091318-768x768.jpg 768w, https:\/\/gehlsdorfer-grundschule.de\/wp-content\/uploads\/2025\/06\/1000091318-1536x1536.jpg 1536w, https:\/\/gehlsdorfer-grundschule.de\/wp-content\/uploads\/2025\/06\/1000091318-2048x2048.jpg 2048w, https:\/\/gehlsdorfer-grundschule.de\/wp-content\/uploads\/2025\/06\/1000091318-186x185.jpg 186w, https:\/\/gehlsdorfer-grundschule.de\/wp-content\/uploads\/2025\/06\/1000091318-220x220.jpg 220w, https:\/\/gehlsdorfer-grundschule.de\/wp-content\/uploads\/2025\/06\/1000091318-60x60.jpg 60w\" sizes=\"auto, (max-width: 1024px) 100vw, 1024px\" \/><\/figure>\n<\/div>\n\n\n<p>Dank der Zusammenarbeit mit dem <a href=\"https:\/\/ssv-rostock.de\/index.php\/de\/\">See- und Segelverein de Hansestadt Rostock e.V.<\/a> vom Gehlsdorfer Ufer, k\u00f6nnen unsere Sch\u00fcler\/innen der 3. Klassen an einem Segelprojekt w\u00e4hrend der Schulzeit teilnehmen und so, die Grundlagen des Segelns erlernen. Vielen herzlichen Dank!<\/p>\n\n\n\n<p><\/p>\n\n\n\n<p><\/p>\n\n\n\n<p><\/p>\n\n\n\n<p>Ein gro\u00dfes Dankesch\u00f6n f\u00fcr die Zusammenarbeit sprechen wir auch f\u00fcr die <a rel=\"noreferrer noopener\" href=\"http:\/\/www.kirchgemeinde-gehlsdorf.de\/kirche-gehlsdorf.html\" target=\"_blank\">Gehlsdorfer Kirchengemeinde<\/a> aus:<\/p>\n\n\n\n<figure class=\"wp-block-image size-large\"><img loading=\"lazy\" decoding=\"async\" width=\"725\" height=\"1024\" src=\"https:\/\/gehlsdorfer-grundschule.de\/wp-content\/uploads\/2023\/04\/Flyer-Kinderzeit-April2023-725x1024.png\" alt=\"\" class=\"wp-image-574\" srcset=\"https:\/\/gehlsdorfer-grundschule.de\/wp-content\/uploads\/2023\/04\/Flyer-Kinderzeit-April2023-725x1024.png 725w, https:\/\/gehlsdorfer-grundschule.de\/wp-content\/uploads\/2023\/04\/Flyer-Kinderzeit-April2023-212x300.png 212w, https:\/\/gehlsdorfer-grundschule.de\/wp-content\/uploads\/2023\/04\/Flyer-Kinderzeit-April2023-768x1085.png 768w, https:\/\/gehlsdorfer-grundschule.de\/wp-content\/uploads\/2023\/04\/Flyer-Kinderzeit-April2023-1087x1536.png 1087w, https:\/\/gehlsdorfer-grundschule.de\/wp-content\/uploads\/2023\/04\/Flyer-Kinderzeit-April2023.png 1241w\" sizes=\"auto, (max-width: 725px) 100vw, 725px\" \/><\/figure>\n\n\n\n<p>Ein herzlicher Dank gilt auch f\u00fcr unsere weiteren Partner:<\/p>\n\n\n\n<ul class=\"wp-block-list\">\n<li><a href=\"https:\/\/musikgymnasium-rostock.de\/\">Musikgymnasium \u201eK\u00e4the Kollwitz\u201c<\/a>&nbsp;&nbsp;&nbsp;&nbsp;&nbsp;&nbsp;&nbsp;&nbsp;&nbsp;&nbsp;&nbsp;&nbsp;&nbsp;&nbsp;&nbsp;&nbsp;&nbsp;&nbsp;&nbsp;&nbsp;&nbsp;&nbsp;&nbsp;&nbsp;&nbsp;&nbsp;&nbsp; <\/li>\n\n\n\n<li><a href=\"https:\/\/rostock-feuerwache7.de\/\" data-type=\"URL\" data-id=\"https:\/\/rostock-feuerwache7.de\/\" target=\"_blank\" rel=\"noreferrer noopener\">Freiwillige Feuerwehr: Feuerwache Rostock-Gehlsdorf<\/a>&nbsp;&nbsp;&nbsp;&nbsp;&nbsp;&nbsp;&nbsp;&nbsp;&nbsp;&nbsp;&nbsp;&nbsp;&nbsp;&nbsp;&nbsp;&nbsp;&nbsp;&nbsp;&nbsp;&nbsp;&nbsp;&nbsp;&nbsp;&nbsp;&nbsp;&nbsp;&nbsp;&nbsp;&nbsp;&nbsp;&nbsp; &nbsp;&nbsp;<\/li>\n\n\n\n<li><a href=\"https:\/\/www.sv-fortuna-rostock.de\/\" data-type=\"URL\" data-id=\"https:\/\/www.sv-fortuna-rostock.de\/\" target=\"_blank\" rel=\"noreferrer noopener\">SV Rostock Fortuna e.V.<\/a><\/li>\n\n\n\n<li><a href=\"https:\/\/www.hansa-bagaluten.de\/ballschule\/kita-hort\/informationen.html\">FC Hansa Ballschule Rostock<\/a> <\/li>\n\n\n\n<li><a href=\"https:\/\/musikschule-diehn.de\/rostock\/musikschule-diehn-ihre-musikschule-in-rostock-und-umgebung\/\">Musikschule Diehn<\/a><\/li>\n\n\n\n<li><a href=\"https:\/\/www.musikschule-froehlich.com\/schuch\/\">Musikschule Schuch<\/a><\/li>\n\n\n\n<li><a rel=\"noreferrer noopener\" href=\"https:\/\/ill-ev.de\/kindertagesstaetten\/rostock\/kita-am-gehlsdorfer-ufer\/kindergarten\" data-type=\"URL\" data-id=\"https:\/\/ill-ev.de\/kindertagesstaetten\/rostock\/kita-am-gehlsdorfer-ufer\/kindergarten\" target=\"_blank\">Institut Lernen und Leben e.V. Kita &#8222;Am Gehlsdorfer Ufer&#8220;<\/a><\/li>\n\n\n\n<li><a href=\"https:\/\/www.kindervilla-cords.de\/kita.html\">Kita (kindervilla-cords.de)<\/a><\/li>\n<\/ul>\n","protected":false},"excerpt":{"rendered":"<p>Dank der Zusammenarbeit mit dem See- und Segelverein de Hansestadt Rostock e.V. vom Gehlsdorfer Ufer, k\u00f6nnen unsere Sch\u00fcler\/innen der 3. Klassen an einem Segelprojekt w\u00e4hrend der Schulzeit teilnehmen und so, die Grundlagen des Segelns erlernen. Vielen herzlichen Dank! Ein gro\u00dfes &hellip; <\/p>\n","protected":false},"author":1,"featured_media":0,"parent":0,"menu_order":0,"comment_status":"closed","ping_status":"closed","template":"","meta":{"footnotes":""},"class_list":["post-35","page","type-page","status-publish","hentry"],"_links":{"self":[{"href":"https:\/\/gehlsdorfer-grundschule.de\/index.php\/wp-json\/wp\/v2\/pages\/35","targetHints":{"allow":["GET"]}}],"collection":[{"href":"https:\/\/gehlsdorfer-grundschule.de\/index.php\/wp-json\/wp\/v2\/pages"}],"about":[{"href":"https:\/\/gehlsdorfer-grundschule.de\/index.php\/wp-json\/wp\/v2\/types\/page"}],"author":[{"embeddable":true,"href":"https:\/\/gehlsdorfer-grundschule.de\/index.php\/wp-json\/wp\/v2\/users\/1"}],"replies":[{"embeddable":true,"href":"https:\/\/gehlsdorfer-grundschule.de\/index.php\/wp-json\/wp\/v2\/comments?post=35"}],"version-history":[{"count":25,"href":"https:\/\/gehlsdorfer-grundschule.de\/index.php\/wp-json\/wp\/v2\/pages\/35\/revisions"}],"predecessor-version":[{"id":1036,"href":"https:\/\/gehlsdorfer-grundschule.de\/index.php\/wp-json\/wp\/v2\/pages\/35\/revisions\/1036"}],"wp:attachment":[{"href":"https:\/\/gehlsdorfer-grundschule.de\/index.php\/wp-json\/wp\/v2\/media?parent=35"}],"curies":[{"name":"wp","href":"https:\/\/api.w.org\/{rel}","templated":true}]}}