{"id":31,"date":"2022-12-06T20:56:00","date_gmt":"2022-12-06T19:56:00","guid":{"rendered":"http:\/\/wp12463810.server-he.de\/schulen\/1001\/?page_id=31"},"modified":"2025-09-04T13:13:54","modified_gmt":"2025-09-04T11:13:54","slug":"impressum","status":"publish","type":"page","link":"https:\/\/gehlsdorfer-grundschule.de\/index.php\/impressum\/","title":{"rendered":"Kontakt, Sprechzeiten Sekretariat, Impressum, Datenschutzerkl\u00e4rung"},"content":{"rendered":"\n<p><strong>Adresse<\/strong><br>Gehlsdorfer Grundschule<br>Pressentinstr. 56a<br>18147 Rostock<\/p>\n\n\n\n<p>Telefon&nbsp;&nbsp; 0381-38141790 &nbsp;&nbsp;\u2022&nbsp;&nbsp; Fax&nbsp;&nbsp; 0381-38141793<br>Mail&nbsp;&nbsp; GR-Gehlsdorf@rostock.de<br>Internet&nbsp;&nbsp; www.gehlsdorfer-grundschule.de<\/p>\n\n\n\n<p><br><strong>Schulleitung<\/strong><br>Frau Julia Sternkiker, Rektorin<br>Frau Kristina Horstmann, Konrektorin<\/p>\n\n\n\n<p>Herr Mathias Schnur, Schulhausmeister<\/p>\n\n\n\n<p>Frau Christina Ravina Jaskulski, Schulsekret\u00e4rin<\/p>\n\n\n\n<p><strong>Sprechzeiten Sekretariat<\/strong><\/p>\n\n\n\n<p>Mo, Mi : 7:00-8:00 Uhr und 11:25-12:30 Uhr<\/p>\n\n\n\n<p>Die, Do : keine Sprechzeit<\/p>\n\n\n\n<p>Fr: 7:00-8:00 Uhr und 11:25-12:00 Uhr<\/p>\n\n\n\n<p><br><strong>Schultr\u00e4ger (Dienstanbieter im Sinne des \u00a7 5 TMG \/ \u00a7 55 RStV)<\/strong><br>Hansestadt Rostock<br>Amt f\u00fcr Schule und Sport<br>Amtsleiterin Frau Elke Watzema<br>Schillingallee 71<br>18057 Rostock<\/p>\n\n\n\n<p>Telefon&nbsp;&nbsp; 0381\/381-4001 &nbsp;&nbsp;\u2022&nbsp;&nbsp; Fax&nbsp;&nbsp; 0381\/381-4050<br>Mail&nbsp;&nbsp; amt-schule-sport@rostock.de<\/p>\n\n\n\n<p><br><strong>Verantwortlicher i.S.d. \u00a7 6 Abs. 2 MDStV<\/strong><br>Julia Sternkiker<br>Gehlsdorfer Grundschule<br>Pressentinstr. 56a<br>18147 Rostock<\/p>\n\n\n\n<p><br><strong>Copyright<\/strong><br>Alle Rechte vorbehalten.<\/p>\n\n\n\n<p><\/p>\n\n\n\n<p><\/p>\n\n\n\n<p><strong>Datenschutzerkl\u00e4rung<\/strong><\/p>\n\n\n\n<p>Gem\u00e4\u00df Artikel 13 Abs. 1 und 2 der EU-Datenschutzgrundverordnung (DSGVO) werden Sie an dieser Stelle dar\u00fcber informiert, welche Daten wir von Ihnen bei der Nutzung unserer Internetdienste erheben und verarbeiten.<\/p>\n\n\n\n<ol class=\"wp-block-list\">\n<li><strong>Datenverarbeitende Stelle<\/strong><\/li>\n<\/ol>\n\n\n\n<p>Gehlsdorfer Grundschule<\/p>\n\n\n\n<p>Schulleiter\/in: Frau Sternkiker<\/p>\n\n\n\n<p>Pressentinstra\u00dfe 56 A<\/p>\n\n\n\n<p>18147 Rostock<\/p>\n\n\n\n<p>Telefon: 0381-38141790<\/p>\n\n\n\n<p>Fax: 0381-38141793<\/p>\n\n\n\n<p>E-Mail: GR-Gehlsdorf@rostock.de<\/p>\n\n\n\n<p>2. <strong>Datenschutzbeauftragter<\/strong><\/p>\n\n\n\n<p>Zweckverband Elektronische Verwaltung in Mecklenburg-Vorpommern<\/p>\n\n\n\n<p>Gemeinsamer Datenschutzbeauftragter an Schulen<\/p>\n\n\n\n<p>Eckdrift 103<\/p>\n\n\n\n<p>19061 Schwerin<\/p>\n\n\n\n<p>Telefon: 03834 \/ 34 50 -350<\/p>\n\n\n\n<p>Fax: 0385 \/ 77 33 47-28<\/p>\n\n\n\n<p>E-Mail: <a href=\"mailto:datenschutz-schule@ego-mv.de\">datenschutz-schule@ego-mv.de<\/a><\/p>\n\n\n\n<p>3. <strong>Protokollierung der Nutzung unserer Internetseiten<\/strong><\/p>\n\n\n\n<p>Unsere Internetseiten dienen der allgemeinen Informationsbereitstellung von Schulinhalten, Ereignissen und Kontaktdaten.<\/p>\n\n\n\n<p>Falls Sie sich lediglich informieren m\u00f6chten und selbst keine personenbezogenen Daten in Formular- oder Kontaktfeldern eingeben, erheben wir w\u00e4hrend der Nutzung die folgenden technischen Informationen:<\/p>\n\n\n\n<ul class=\"wp-block-list\">\n<li>Datum und Uhrzeit des Zugriffes<\/li>\n<\/ul>\n\n\n\n<ul class=\"wp-block-list\">\n<li>abgerufene Unterwebseiten und Dateien<\/li>\n<\/ul>\n\n\n\n<ul class=\"wp-block-list\">\n<li>Zugriffsstatus des Webservers (Erfolgs- oder Fehlermeldungen)<\/li>\n<\/ul>\n\n\n\n<ul class=\"wp-block-list\">\n<li>Typ und Version des vom Benutzer verwendeten Browsers<\/li>\n<\/ul>\n\n\n\n<ul class=\"wp-block-list\">\n<li>Konfiguration des Browsers (Spracheinstellungen, gew\u00fcnschte Dateiformate, etc.)<\/li>\n<\/ul>\n\n\n\n<ul class=\"wp-block-list\">\n<li>Typ und Version des vom Benutzer verwendeten Betriebssystems<\/li>\n<\/ul>\n\n\n\n<ul class=\"wp-block-list\">\n<li>Ger\u00e4tetyp (Smartphone, Desktop-PC, Tablet etc.)<\/li>\n<\/ul>\n\n\n\n<ul class=\"wp-block-list\">\n<li>Im Ger\u00e4t eingestellte Zeitzone<\/li>\n<\/ul>\n\n\n\n<ul class=\"wp-block-list\">\n<li>IP-Adresse<\/li>\n<\/ul>\n\n\n\n<ul class=\"wp-block-list\">\n<li>Region (Staat und Bundesland)<\/li>\n<\/ul>\n\n\n\n<ul class=\"wp-block-list\">\n<li>Verweildauer<\/li>\n<\/ul>\n\n\n\n<ul class=\"wp-block-list\">\n<li>Referrer (die vorhergehende Internetseite, von der der Benutzer zu uns gelangt ist)<\/li>\n<\/ul>\n\n\n\n<p>Diese Daten werden zur Aufrechterhaltung der Funktionsf\u00e4higkeit des Internetangebotes erhoben und im Bedarfsfall zur internen Fehlersuche ausgewertet. Die Verarbeitung erfolgt dabei gem\u00e4\u00df \u00a7 4 Abs. 1 Datenschutzgesetz M-V i.V.m. Art. 6 Abs. 1 lit. e) DSGVO. Die Daten werden f\u00fcr 7 Tage gespeichert und anschlie\u00dfend automatisch gel\u00f6scht. Im Falle eines Angriffes auf unser Internetangebot werden die betreffenden Protokolldaten an die zust\u00e4ndigen Strafverfolgungsbeh\u00f6rden weitergegeben.<\/p>\n\n\n\n<p>F\u00fcr die Bereitstellung der Homepage nutzt die Schule die Host-Europe GmbH als Auftragsverarbeiter. Die Host-Europe GmbH stellt den Webspace und das Content-Management-System (WordPress) zur Verf\u00fcgung. Alle datenschutzrelevanten Vereinbarungen sind in einem entsprechenden Auftragsverarbeitungsvertrag nach Art. 28 DSGVO festgelegt.<\/p>\n\n\n\n<ul class=\"wp-block-list\">\n<li><strong>Allgemeiner Hinweis zur Datenverarbeitung in der Schule<\/strong><\/li>\n<\/ul>\n\n\n\n<p>Im Rahmen unserer Aufgabenerf\u00fcllung verarbeiten wir Ihre personenbezogenen Daten ausschlie\u00dflich f\u00fcr Zwecke, die sich aus einer Rechtsnorm ergeben und zu denen wir verpflichtet oder berechtigt sind (Art. 6 Abs. 1 lit. c) und e) DSGVO i.V.m. beispielsweise \u00a7 70 Schulgesetz MV). Dar\u00fcber hinaus k\u00f6nnen wir personenbezogene Daten aufgrund einer von Ihnen abgegebenen Einwilligungserkl\u00e4rung verarbeiten (Art. 6 Abs. 1 lit. a), Art. 7 f. DSGVO).<\/p>\n\n\n\n<p>Wir sind in bestimmten F\u00e4llen gesetzlich berechtigt bzw. verpflichtet, personenbezogene Daten an Dritte zu \u00fcbermitteln (z. B. beim Schulwechsel). Dar\u00fcber hinaus kann eine \u00dcbermittlung auch aufgrund einer Einwilligung erfolgen.<\/p>\n\n\n\n<p>Wir speichern Ihre personenbezogenen Daten solange sie zur Aufgabenerf\u00fcllung erforderlich sind. Danach werden die Daten innerhalb einer angemessenen Frist und unter Beachtung der gesetzlichen Aufbewahrungsfristen gel\u00f6scht bzw. vernichtet. Eine l\u00e4ngere Speicherung ist f\u00fcr Archivzwecke zul\u00e4ssig.<br><\/p>\n\n\n\n<p>Postanschriften und E-Mail-Adressen, die Sie uns im Rahmen einer Anfrage oder einer Bestellung von Informationsmaterial mitteilen, verwenden wir ausschlie\u00dflich f\u00fcr den Versand bzw. die Korrespondenz mit Ihnen. Eine Weitergabe personenbezogener Daten an Dritte findet in diesem Fall nicht statt.<\/p>\n\n\n\n<p>Wenn Sie eine E-Mail mit schutzw\u00fcrdigem Inhalt an uns senden wollen, so empfehlen wir dringend, diese zu verschl\u00fcsseln, um eine unbefugte Kenntnisnahme und Verf\u00e4lschung auf dem \u00dcbertragungsweg zu verhindern. Alternativ k\u00f6nnen Sie uns auch postalisch kontaktieren.<\/p>\n\n\n\n<ul class=\"wp-block-list\">\n<li><strong>Rechte der Betroffenen der Datenverarbeitung<\/strong><\/li>\n<\/ul>\n\n\n\n<p>Als Betroffener stehen Ihnen die folgenden Rechte zu, soweit die gesetzlichen Voraussetzungen daf\u00fcr erf\u00fcllt sind:<\/p>\n\n\n\n<p>Recht auf Auskunft, Art. 15 DSGVO<\/p>\n\n\n\n<p>Recht auf Berichtigung, Art. 16 DSGVO<\/p>\n\n\n\n<p>Recht auf L\u00f6schung, Art. 17 DSGVO<\/p>\n\n\n\n<p>Recht auf Einschr\u00e4nkung der Verarbeitung, Art. 18 DSGVO<\/p>\n\n\n\n<p>Recht auf Daten\u00fcbertragbarkeit, Art. 20 DSGVO<\/p>\n\n\n\n<p>Widerspruchsrecht, Art. 21 DSGVO<\/p>\n\n\n\n<p>Soweit eine Datenverarbeitung auf Ihrer freiwilligen <strong>Einwilligung<\/strong> beruht, besitzen Sie das Recht, diese <strong>jederzeit<\/strong> mit <strong>Wirkung f\u00fcr<\/strong> die <strong>Zukunft<\/strong> zu <strong>widerrufen<\/strong>.<\/p>\n\n\n\n<p>Sie haben das Recht Beschwerden beim Landesbeauftragten f\u00fcr Datenschutz und Informationsfreiheit Mecklenburg-Vorpommern zu erheben: Postanschrift: Schloss Schwerin, Lenn\u00e9stra\u00dfe 1, 19053 Schwerin, Telefon.: 0385 \/ 59494-0 oder E-Mail: <a href=\"mailto:info@datenschutz-mv.de\">info@datenschutz-mv.de<\/a>, Internetauftritt: <a href=\"http:\/\/www.datenschutz-mv.de\">www.datenschutz-mv.de<\/a>.<\/p>\n","protected":false},"excerpt":{"rendered":"<p>AdresseGehlsdorfer GrundschulePressentinstr. 56a18147 Rostock Telefon&nbsp;&nbsp; 0381-38141790 &nbsp;&nbsp;\u2022&nbsp;&nbsp; Fax&nbsp;&nbsp; 0381-38141793Mail&nbsp;&nbsp; GR-Gehlsdorf@rostock.deInternet&nbsp;&nbsp; www.gehlsdorfer-grundschule.de SchulleitungFrau Julia Sternkiker, RektorinFrau Kristina Horstmann, Konrektorin Herr Mathias Schnur, Schulhausmeister Frau Christina Ravina Jaskulski, Schulsekret\u00e4rin Sprechzeiten Sekretariat Mo, Mi : 7:00-8:00 Uhr und 11:25-12:30 Uhr Die, Do : &hellip; <\/p>\n","protected":false},"author":1,"featured_media":0,"parent":0,"menu_order":0,"comment_status":"closed","ping_status":"closed","template":"","meta":{"footnotes":""},"class_list":["post-31","page","type-page","status-publish","hentry"],"_links":{"self":[{"href":"https:\/\/gehlsdorfer-grundschule.de\/index.php\/wp-json\/wp\/v2\/pages\/31","targetHints":{"allow":["GET"]}}],"collection":[{"href":"https:\/\/gehlsdorfer-grundschule.de\/index.php\/wp-json\/wp\/v2\/pages"}],"about":[{"href":"https:\/\/gehlsdorfer-grundschule.de\/index.php\/wp-json\/wp\/v2\/types\/page"}],"author":[{"embeddable":true,"href":"https:\/\/gehlsdorfer-grundschule.de\/index.php\/wp-json\/wp\/v2\/users\/1"}],"replies":[{"embeddable":true,"href":"https:\/\/gehlsdorfer-grundschule.de\/index.php\/wp-json\/wp\/v2\/comments?post=31"}],"version-history":[{"count":12,"href":"https:\/\/gehlsdorfer-grundschule.de\/index.php\/wp-json\/wp\/v2\/pages\/31\/revisions"}],"predecessor-version":[{"id":1085,"href":"https:\/\/gehlsdorfer-grundschule.de\/index.php\/wp-json\/wp\/v2\/pages\/31\/revisions\/1085"}],"wp:attachment":[{"href":"https:\/\/gehlsdorfer-grundschule.de\/index.php\/wp-json\/wp\/v2\/media?parent=31"}],"curies":[{"name":"wp","href":"https:\/\/api.w.org\/{rel}","templated":true}]}}