{"id":27,"date":"2022-12-06T20:53:41","date_gmt":"2022-12-06T19:53:41","guid":{"rendered":"http:\/\/wp12463810.server-he.de\/schulen\/1001\/?page_id=27"},"modified":"2023-06-14T13:27:08","modified_gmt":"2023-06-14T11:27:08","slug":"ueber-uns","status":"publish","type":"page","link":"https:\/\/gehlsdorfer-grundschule.de\/index.php\/ueber-uns\/","title":{"rendered":"Unsere Schule"},"content":{"rendered":"\n<figure class=\"wp-block-image size-full\"><img loading=\"lazy\" decoding=\"async\" width=\"866\" height=\"490\" src=\"https:\/\/gehlsdorfer-grundschule.de\/wp-content\/uploads\/2022\/12\/Schulgelaende.jpg\" alt=\"\" class=\"wp-image-28\" srcset=\"https:\/\/gehlsdorfer-grundschule.de\/wp-content\/uploads\/2022\/12\/Schulgelaende.jpg 866w, https:\/\/gehlsdorfer-grundschule.de\/wp-content\/uploads\/2022\/12\/Schulgelaende-300x170.jpg 300w, https:\/\/gehlsdorfer-grundschule.de\/wp-content\/uploads\/2022\/12\/Schulgelaende-768x435.jpg 768w\" sizes=\"auto, (max-width: 866px) 100vw, 866px\" \/><\/figure>\n\n\n\n<p>Unsere Schule befindet sich im Stadtteil Gehlsdorf mit einem ruhigen und gr\u00fcnen Lernumfeld. In unserem Schulhaus haben wir den <strong>Hort des \u201eKindervilla Cords e.V.\u201c <\/strong>integriert, mit dem wir zusammenarbeiten und viele R\u00e4umlichkeiten gemeinsam nutzen:<br>K\u00fcche, Sporthalle, PC-Raum, Werkraum, Musikraum, Kunstraum und einige Klassenr\u00e4ume als Hausaufgabenzimmer. So hat unsere Schule einen Status \u00e4hnlich einer Ganztagsschule.<br><\/p>\n\n\n\n<p>Unser p\u00e4dagogisches Konzept basiert auf dem Leitgedanken der <strong>\u201eBewegten Schule\u201c<\/strong>. Offene Unterrichtsformen wie <strong>Projekt- und Planarbeit, Partner- und Gruppenarbeit<\/strong> und der <strong>Frontalunterricht <\/strong>erg\u00e4nzen unsere <strong>vielf\u00e4ltigen Unterrichtsmethoden<\/strong>.<\/p>\n\n\n\n<p>Unser besonderes Schulangebot ist das <strong>Segelprojekt<\/strong> am Ende des 3. Schuljahres. Innerhalb einer Woche lernen die Kinder die Grundlagen des Segelns auf der Warnow. Die Durchf\u00fchrung erfolgt durch die Segelvereine am Gehlsdorfer Ufer.<\/p>\n","protected":false},"excerpt":{"rendered":"<p>Unsere Schule befindet sich im Stadtteil Gehlsdorf mit einem ruhigen und gr\u00fcnen Lernumfeld. In unserem Schulhaus haben wir den Hort des \u201eKindervilla Cords e.V.\u201c integriert, mit dem wir zusammenarbeiten und viele R\u00e4umlichkeiten gemeinsam nutzen:K\u00fcche, Sporthalle, PC-Raum, Werkraum, Musikraum, Kunstraum und &hellip; <\/p>\n","protected":false},"author":1,"featured_media":0,"parent":0,"menu_order":0,"comment_status":"closed","ping_status":"closed","template":"","meta":{"footnotes":""},"class_list":["post-27","page","type-page","status-publish","hentry"],"_links":{"self":[{"href":"https:\/\/gehlsdorfer-grundschule.de\/index.php\/wp-json\/wp\/v2\/pages\/27","targetHints":{"allow":["GET"]}}],"collection":[{"href":"https:\/\/gehlsdorfer-grundschule.de\/index.php\/wp-json\/wp\/v2\/pages"}],"about":[{"href":"https:\/\/gehlsdorfer-grundschule.de\/index.php\/wp-json\/wp\/v2\/types\/page"}],"author":[{"embeddable":true,"href":"https:\/\/gehlsdorfer-grundschule.de\/index.php\/wp-json\/wp\/v2\/users\/1"}],"replies":[{"embeddable":true,"href":"https:\/\/gehlsdorfer-grundschule.de\/index.php\/wp-json\/wp\/v2\/comments?post=27"}],"version-history":[{"count":6,"href":"https:\/\/gehlsdorfer-grundschule.de\/index.php\/wp-json\/wp\/v2\/pages\/27\/revisions"}],"predecessor-version":[{"id":448,"href":"https:\/\/gehlsdorfer-grundschule.de\/index.php\/wp-json\/wp\/v2\/pages\/27\/revisions\/448"}],"wp:attachment":[{"href":"https:\/\/gehlsdorfer-grundschule.de\/index.php\/wp-json\/wp\/v2\/media?parent=27"}],"curies":[{"name":"wp","href":"https:\/\/api.w.org\/{rel}","templated":true}]}}