{"id":25,"date":"2023-05-09T13:39:21","date_gmt":"2023-05-09T11:39:21","guid":{"rendered":"http:\/\/wp12463810.server-he.de\/schulen\/1001\/?page_id=25"},"modified":"2025-09-04T12:15:55","modified_gmt":"2025-09-04T10:15:55","slug":"schulfoerderverein","status":"publish","type":"page","link":"https:\/\/gehlsdorfer-grundschule.de\/index.php\/schulfoerderverein\/","title":{"rendered":"Schulf\u00f6rderverein"},"content":{"rendered":"\n<p>Der Schulf\u00f6rderverein Gehlsdorfer Grundschule e.V. will aktiv die p\u00e4dagogische und schulische Arbeit der Gehlsdorfer Grundschule unterst\u00fctzen, bed\u00fcrftigen Sch\u00fclern helfen, die enge Zusammenarbeit zwischen den Eltern, dem Lehrerkollegium und den Sch\u00fclern f\u00f6rdern.<br>Unsere Schule hat 260 Kinder und unser Schulf\u00f6rderverein im Durchschnitt ca. 50 Mitglieder. Werden auch Sie Mitglied und bestimmen Sie mit, wie die Gelder eingesetzt werden und machen Sie Vorschl\u00e4ge f\u00fcr Projekte!<\/p>\n\n\n\n<p>Warum sollten Sie f\u00fcr eine staatliche Schule noch etwas dazu zahlen?<\/p>\n\n\n\n<p>Der Schulf\u00f6rderverein unterst\u00fctzt die Schule bei der Finanzierung verschiedener Projekte an denen alle Kinder teilnehmen:<\/p>\n\n\n\n<p>\u2022 &nbsp;Sportfest \u2013 Tag des Deutschen Sportabzeichens<br>\u2022 &nbsp;Segelprojekt f\u00fcr die dritten Klassen<br>\u2022 &nbsp;Lehr- und Lernmittel, f\u00fcr die andere Mittel&nbsp;nicht ausreichen<br>\u2022 &nbsp;Mathematikwettbewerb<br>\u2022 &nbsp;Einschulungsveranstaltung<br>\u2022 &nbsp;Ausflug in die Eishalle<br>\u2022 &nbsp;Pr\u00e4ventionsprojekte<\/p>\n\n\n\n<p><\/p>\n\n\n\n<p><strong>Vorsitzende:<\/strong>     Ulrike Uloth<br><strong>Stellv. Vorsitzende<\/strong>:&nbsp;&nbsp;&nbsp;&nbsp; Katja R\u00f6nnfeldt<br><strong>Kassenwartin: <\/strong>Jana Pauer<\/p>\n\n\n\n<p><strong>Kontakt<\/strong><br>Tel.: 0381\/381 417 90 (in der Schule)<br>Mail: Schulverein-Gehlsdorfer-Grundschule@gmx.de                                                                              <\/p>\n\n\n\n<p>Unser Briefkasten ,,Schulf\u00f6rderverein&#8220; im Schulgeb\u00e4ude (Eingang Hort)<\/p>\n\n\n\n<p><strong>Bankverbindung<\/strong><br>IBAN: DE77 1305 0000 0265 0017 06<br>BIC: NOLADE21ROS<\/p>\n\n\n\n<p><strong>Downloads<\/strong><\/p>\n\n\n\n<div class=\"wp-block-file\"><a id=\"wp-block-file--media-f3e2f1e9-35a1-4679-b416-c87e28eb9a2a\" href=\"https:\/\/gehlsdorfer-grundschule.de\/wp-content\/uploads\/2023\/03\/Beitrittserklaerung-mit-DSVO.pdf\" target=\"_blank\" rel=\"noreferrer noopener\">Beitrittserkl\u00e4rung mit DSVO<\/a><a href=\"https:\/\/gehlsdorfer-grundschule.de\/wp-content\/uploads\/2023\/03\/Beitrittserklaerung-mit-DSVO.pdf\" class=\"wp-block-file__button wp-element-button\" download aria-describedby=\"wp-block-file--media-f3e2f1e9-35a1-4679-b416-c87e28eb9a2a\">Herunterladen<\/a><\/div>\n\n\n\n<div class=\"wp-block-file\"><a id=\"wp-block-file--media-0b482d94-5102-426c-b90f-ec766cc3889c\" href=\"https:\/\/gehlsdorfer-grundschule.de\/wp-content\/uploads\/2023\/03\/Satzung.pdf\" target=\"_blank\" rel=\"noreferrer noopener\">Satzung<\/a><a href=\"https:\/\/gehlsdorfer-grundschule.de\/wp-content\/uploads\/2023\/03\/Satzung.pdf\" class=\"wp-block-file__button wp-element-button\" download aria-describedby=\"wp-block-file--media-0b482d94-5102-426c-b90f-ec766cc3889c\">Herunterladen<\/a><\/div>\n","protected":false},"excerpt":{"rendered":"<p>Der Schulf\u00f6rderverein Gehlsdorfer Grundschule e.V. will aktiv die p\u00e4dagogische und schulische Arbeit der Gehlsdorfer Grundschule unterst\u00fctzen, bed\u00fcrftigen Sch\u00fclern helfen, die enge Zusammenarbeit zwischen den Eltern, dem Lehrerkollegium und den Sch\u00fclern f\u00f6rdern.Unsere Schule hat 260 Kinder und unser Schulf\u00f6rderverein im Durchschnitt &hellip; <\/p>\n","protected":false},"author":1,"featured_media":0,"parent":0,"menu_order":0,"comment_status":"closed","ping_status":"closed","template":"","meta":{"footnotes":""},"class_list":["post-25","page","type-page","status-publish","hentry"],"_links":{"self":[{"href":"https:\/\/gehlsdorfer-grundschule.de\/index.php\/wp-json\/wp\/v2\/pages\/25","targetHints":{"allow":["GET"]}}],"collection":[{"href":"https:\/\/gehlsdorfer-grundschule.de\/index.php\/wp-json\/wp\/v2\/pages"}],"about":[{"href":"https:\/\/gehlsdorfer-grundschule.de\/index.php\/wp-json\/wp\/v2\/types\/page"}],"author":[{"embeddable":true,"href":"https:\/\/gehlsdorfer-grundschule.de\/index.php\/wp-json\/wp\/v2\/users\/1"}],"replies":[{"embeddable":true,"href":"https:\/\/gehlsdorfer-grundschule.de\/index.php\/wp-json\/wp\/v2\/comments?post=25"}],"version-history":[{"count":18,"href":"https:\/\/gehlsdorfer-grundschule.de\/index.php\/wp-json\/wp\/v2\/pages\/25\/revisions"}],"predecessor-version":[{"id":1065,"href":"https:\/\/gehlsdorfer-grundschule.de\/index.php\/wp-json\/wp\/v2\/pages\/25\/revisions\/1065"}],"wp:attachment":[{"href":"https:\/\/gehlsdorfer-grundschule.de\/index.php\/wp-json\/wp\/v2\/media?parent=25"}],"curies":[{"name":"wp","href":"https:\/\/api.w.org\/{rel}","templated":true}]}}