{"id":231,"date":"2023-03-06T15:08:51","date_gmt":"2023-03-06T14:08:51","guid":{"rendered":"http:\/\/gehlsdorfer-grundschule.de\/?page_id=231"},"modified":"2025-10-28T20:23:06","modified_gmt":"2025-10-28T19:23:06","slug":"schuljahresarbeitsplan-2022-23","status":"publish","type":"page","link":"https:\/\/gehlsdorfer-grundschule.de\/index.php\/schuljahresarbeitsplan-2022-23\/","title":{"rendered":"Schuljahresarbeitsplan 2025\/26"},"content":{"rendered":"\n<p>Tage mit einem <strong><mark style=\"background-color:rgba(0, 0, 0, 0)\" class=\"has-inline-color has-vivid-red-color\">Sternchen*<\/mark> <\/strong>sind <strong>Klassenleitertage <\/strong><\/p>\n\n\n\n<p class=\"has-white-color has-light-green-cyan-background-color has-text-color has-background\">September 2025<\/p>\n\n\n\n<p><strong>05.09.<\/strong> <strong>Einschulung<\/strong>:<\/p>\n\n\n\n<p>9:00 Uhr Klasse 1c<\/p>\n\n\n\n<p>10:00 Uhr Klasse 1b<\/p>\n\n\n\n<p>11:00 Uhr Klasse 1a<\/p>\n\n\n\n<p><strong>08.-12.09.<mark style=\"background-color:rgba(0, 0, 0, 0)\" class=\"has-inline-color has-vivid-red-color\">*<\/mark> Klassenleiterwochen<\/strong> (Anzahl der Unterrichtsstunden folgt)<\/p>\n\n\n\n<p><strong>Schulfotograf:<\/strong><\/p>\n\n\n\n<p><strong>09.09. <\/strong>Klasse 1 (mit leerer Zuckert\u00fcte) und 4a<\/p>\n\n\n\n<p><strong>10.09. <\/strong>Klasse 2 und 4b<\/p>\n\n\n\n<p><strong>11.09. <\/strong>Klasse 3 und 4c<\/p>\n\n\n\n<p><strong>Praktische Radfahrpr\u00fcfung<\/strong>:<\/p>\n\n\n\n<p><strong>10.09.<\/strong> Klasse 4a<\/p>\n\n\n\n<p><strong>11.09. <\/strong>Klasse 4b<\/p>\n\n\n\n<p><strong>12.09.<\/strong> Klasse 4c<\/p>\n\n\n\n<p><strong>15.09.-19.09.<\/strong> Klassenfahrt Klasse 4<\/p>\n\n\n\n<p><strong>ab 22.09. <\/strong>Unterricht laut Stundenplan<\/p>\n\n\n\n<p><strong>Elternabende<\/strong>:<\/p>\n\n\n\n<p><strong>10.09.<\/strong> 17:00 Uhr Klasse 4<\/p>\n\n\n\n<p><strong>22.09.<\/strong> 17:00 Uhr Klasse 2a und 2c<\/p>\n\n\n\n<p><strong>23.09.<\/strong> 17:00 Uhr Klasse 1a<\/p>\n\n\n\n<p><strong>24.09.<\/strong> 17:00 Uhr Klasse 2b, 3a und 3b<\/p>\n\n\n\n<p><strong>25.09.<\/strong> 17:00 Uhr Klasse 1b, 1c und 3c <\/p>\n\n\n\n<p class=\"has-white-color has-light-green-cyan-background-color has-text-color has-background\">Oktober 2025<\/p>\n\n\n\n<p><strong>06.10.<\/strong> 17:00 Uhr Gesamtelternratssitzung<\/p>\n\n\n\n<p><strong>06.10.<\/strong> 18:00 Uhr Schulkonferenz<\/p>\n\n\n\n<p><strong>09.10.<\/strong> Bewegungscheck MV Klasse 3<\/p>\n\n\n\n<p><strong>13.-17.10.<mark style=\"background-color:rgba(0, 0, 0, 0)\" class=\"has-inline-color has-vivid-red-color\">*<\/mark><\/strong> Herbstprojektwoche<\/p>\n\n\n\n<p><strong>16.10. <\/strong>16:00-17:30 Uhr Tag der offenen T\u00fcr<\/p>\n\n\n\n<p><strong>17.10.<\/strong> Herbstfest<\/p>\n\n\n\n<p><strong>30.10.<\/strong> Brandschutzerziehung Feuerwache 3 Dierkow Klasse 4a, 4b<\/p>\n\n\n\n<p>Online-Anmeldung zuk\u00fcnftiger Erstkl\u00e4ssler f\u00fcr das Schuljahr 2026\/27<\/p>\n\n\n\n<p class=\"has-white-color has-light-green-cyan-background-color has-text-color has-background\">November 2025<\/p>\n\n\n\n<p>Beginn der Elterngespr\u00e4che zum Arbeits- und Sozialverhalten<\/p>\n\n\n\n<p><strong>06.11.<\/strong> Brandschutzerziehung Feuerwache 3 Dierkow Klasse 4c<\/p>\n\n\n\n<p><strong>17.11.-21.11.<mark style=\"background-color:rgba(0, 0, 0, 0)\" class=\"has-inline-color has-vivid-red-color\">*<\/mark><\/strong> Tanzprojektwoche ,,Wir bewegen Schule&#8220;<\/p>\n\n\n\n<p class=\"has-white-color has-light-green-cyan-background-color has-text-color has-background\">Dezember 2025<\/p>\n\n\n\n<p><strong><mark style=\"background-color:rgba(0, 0, 0, 0)\" class=\"has-inline-color has-vivid-red-color\">*<\/mark><\/strong> Weihnachtsm\u00e4rchen im Volkstheater (Termin folgt)<\/p>\n\n\n\n<p><strong>09.12.<\/strong> Medienprojekt Klasse 4<\/p>\n\n\n\n<p><strong>15.12.-19.12.<mark style=\"background-color:rgba(0, 0, 0, 0)\" class=\"has-inline-color has-vivid-red-color\">*<\/mark><\/strong> Weihnachtsprojektwoche<\/p>\n\n\n\n<p><strong>19.12.<\/strong> Weihnachtssingen in der Gehlsdorfer Kirche<\/p>\n\n\n\n<p class=\"has-white-color has-light-green-cyan-background-color has-text-color has-background\">Januar 2026<\/p>\n\n\n\n<p>Zeugniskonferenzen<\/p>\n\n\n\n<p><strong>Busschule:<\/strong><\/p>\n\n\n\n<p><strong>14.01.<\/strong> Klasse 1a<\/p>\n\n\n\n<p><strong>15.01.<\/strong> Klasse 1b<\/p>\n\n\n\n<p><strong>16.01.<\/strong> Klasse 1c<\/p>\n\n\n\n<p><strong>27.01.-05.02. <\/strong>Schuleingangsverfahren <\/p>\n\n\n\n<p class=\"has-white-color has-light-green-cyan-background-color has-text-color has-background\">Februar 2026<\/p>\n\n\n\n<p><strong>05.02.<mark style=\"background-color:rgba(0, 0, 0, 0)\" class=\"has-inline-color has-vivid-red-color\">*<\/mark><\/strong> Fasching<\/p>\n\n\n\n<p><strong>06.02.<strong><mark style=\"background-color:rgba(0, 0, 0, 0)\" class=\"has-inline-color has-vivid-red-color\">*<\/mark><\/strong> <\/strong>Zeugnisausgabe<\/p>\n\n\n\n<p class=\"has-white-color has-light-green-cyan-background-color has-text-color has-background\">M\u00e4rz 2026<\/p>\n\n\n\n<p><strong>02.03. <\/strong>Theoretische Radfahrausbildung Teil 1 Klasse 3<\/p>\n\n\n\n<p><strong>03.03. <\/strong>Theoretische Radfahrausbildung Teil 2 Klasse 3<\/p>\n\n\n\n<p><strong>voraussichtlich 12.03.<mark style=\"background-color:rgba(0, 0, 0, 0)\" class=\"has-inline-color has-vivid-red-color\">*<\/mark><\/strong> Schulausflug zur Rostocker Eishalle<\/p>\n\n\n\n<p><strong>19.03. <\/strong>K\u00e4nguru &#8211; Wettbewerb der Mathematik Klasse 3, 4<\/p>\n\n\n\n<p><strong>21.03.<\/strong> Hallensportfest (Stadthalle Rostock)<\/p>\n\n\n\n<p><strong>23.03.-27.03.<mark style=\"background-color:rgba(0, 0, 0, 0)\" class=\"has-inline-color has-vivid-red-color\">*<\/mark><\/strong> Osterprojektwoche<\/p>\n\n\n\n<p class=\"has-white-color has-light-green-cyan-background-color has-text-color has-background\">April 2026<\/p>\n\n\n\n<p><strong>bis Mai <\/strong>VERA (=Vergleichsarbeiten in Mathematik und Deutsch) Klasse 3<\/p>\n\n\n\n<p class=\"has-white-color has-light-green-cyan-background-color has-text-color has-background\">Mai 2026<\/p>\n\n\n\n<p>Sponsorenlauf<\/p>\n\n\n\n<p>Gesamtelternratssitzung<\/p>\n\n\n\n<p>Schulkonferenz<\/p>\n\n\n\n<p class=\"has-white-color has-light-green-cyan-background-color has-text-color has-background\">Juni 2026<\/p>\n\n\n\n<p>Segelprojekt Klasse 3 mit dem SSV der Hansestadt Rostock e.V.<\/p>\n\n\n\n<p>Sport- und Spielefest<strong><mark style=\"background-color:rgba(0, 0, 0, 0)\" class=\"has-inline-color has-vivid-red-color\">*<\/mark><\/strong><\/p>\n\n\n\n<p><strong>10.06. <\/strong>15:00-16:00 Uhr Musikschulkonzert Musikschule ,,Diehn&#8220; Klavier in der Schulsporthalle<\/p>\n\n\n\n<p><strong>10.06.<\/strong> Elterninformationsabend f\u00fcr zuk\u00fcnftige Erstkl\u00e4ssler im Schuljahr 2026\/27, Zeit: 17:00-18:30 Uhr, Ort: Schulsporthalle der Gehlsdorfer Grundschule<\/p>\n\n\n\n<p><strong>11.06. <\/strong>15:00-16:00 Uhr Musikschulkonzert Musikschule ,,Diehn&#8220; Gitarre in der Schulsporthalle<\/p>\n\n\n\n<p>Zeugniskonferenzen<\/p>\n\n\n\n<p class=\"has-white-color has-light-green-cyan-background-color has-text-color has-background\">Juli 2026<\/p>\n\n\n\n<p><strong>03.07.<mark style=\"background-color:rgba(0, 0, 0, 0)\" class=\"has-inline-color has-vivid-red-color\">*<\/mark><\/strong> Lesefest<\/p>\n\n\n\n<p><strong>06.07.-09.-07.<mark style=\"background-color:rgba(0, 0, 0, 0)\" class=\"has-inline-color has-vivid-red-color\">*<\/mark><\/strong> Sommerprojektwoche<\/p>\n\n\n\n<p><strong>10.07.<\/strong> Verabschiedung der 4. Klassen und Zeugnisausgabe<\/p>\n","protected":false},"excerpt":{"rendered":"<p>Tage mit einem Sternchen* sind Klassenleitertage September 2025 05.09. Einschulung: 9:00 Uhr Klasse 1c 10:00 Uhr Klasse 1b 11:00 Uhr Klasse 1a 08.-12.09.* Klassenleiterwochen (Anzahl der Unterrichtsstunden folgt) Schulfotograf: 09.09. Klasse 1 (mit leerer Zuckert\u00fcte) und 4a 10.09. Klasse 2 &hellip; <\/p>\n","protected":false},"author":1,"featured_media":0,"parent":0,"menu_order":0,"comment_status":"closed","ping_status":"closed","template":"","meta":{"footnotes":""},"class_list":["post-231","page","type-page","status-publish","hentry"],"_links":{"self":[{"href":"https:\/\/gehlsdorfer-grundschule.de\/index.php\/wp-json\/wp\/v2\/pages\/231","targetHints":{"allow":["GET"]}}],"collection":[{"href":"https:\/\/gehlsdorfer-grundschule.de\/index.php\/wp-json\/wp\/v2\/pages"}],"about":[{"href":"https:\/\/gehlsdorfer-grundschule.de\/index.php\/wp-json\/wp\/v2\/types\/page"}],"author":[{"embeddable":true,"href":"https:\/\/gehlsdorfer-grundschule.de\/index.php\/wp-json\/wp\/v2\/users\/1"}],"replies":[{"embeddable":true,"href":"https:\/\/gehlsdorfer-grundschule.de\/index.php\/wp-json\/wp\/v2\/comments?post=231"}],"version-history":[{"count":60,"href":"https:\/\/gehlsdorfer-grundschule.de\/index.php\/wp-json\/wp\/v2\/pages\/231\/revisions"}],"predecessor-version":[{"id":1104,"href":"https:\/\/gehlsdorfer-grundschule.de\/index.php\/wp-json\/wp\/v2\/pages\/231\/revisions\/1104"}],"wp:attachment":[{"href":"https:\/\/gehlsdorfer-grundschule.de\/index.php\/wp-json\/wp\/v2\/media?parent=231"}],"curies":[{"name":"wp","href":"https:\/\/api.w.org\/{rel}","templated":true}]}}