{"id":218,"date":"2023-03-06T15:04:25","date_gmt":"2023-03-06T14:04:25","guid":{"rendered":"http:\/\/gehlsdorfer-grundschule.de\/?page_id=218"},"modified":"2023-06-14T13:27:01","modified_gmt":"2023-06-14T11:27:01","slug":"unsere-partner","status":"publish","type":"page","link":"https:\/\/gehlsdorfer-grundschule.de\/index.php\/unsere-partner\/","title":{"rendered":"Unsere Partner"},"content":{"rendered":"\n<p>Das Besondere an unserer Schule ist die enge Zusammenarbeit mit verschiedenen Vereinen, Institutionen und Unternehmen. Wir k\u00f6nnen Ihnen und Ihren Kindern viele M\u00f6glichkeiten bieten, die nur mit einem funktionierenden Netzwerk von Partnern m\u00f6glich sind.<\/p>\n","protected":false},"excerpt":{"rendered":"<p>Das Besondere an unserer Schule ist die enge Zusammenarbeit mit verschiedenen Vereinen, Institutionen und Unternehmen. Wir k\u00f6nnen Ihnen und Ihren Kindern viele M\u00f6glichkeiten bieten, die nur mit einem funktionierenden Netzwerk von Partnern m\u00f6glich sind.<\/p>\n","protected":false},"author":1,"featured_media":0,"parent":0,"menu_order":0,"comment_status":"closed","ping_status":"closed","template":"","meta":{"footnotes":""},"class_list":["post-218","page","type-page","status-publish","hentry"],"_links":{"self":[{"href":"https:\/\/gehlsdorfer-grundschule.de\/index.php\/wp-json\/wp\/v2\/pages\/218","targetHints":{"allow":["GET"]}}],"collection":[{"href":"https:\/\/gehlsdorfer-grundschule.de\/index.php\/wp-json\/wp\/v2\/pages"}],"about":[{"href":"https:\/\/gehlsdorfer-grundschule.de\/index.php\/wp-json\/wp\/v2\/types\/page"}],"author":[{"embeddable":true,"href":"https:\/\/gehlsdorfer-grundschule.de\/index.php\/wp-json\/wp\/v2\/users\/1"}],"replies":[{"embeddable":true,"href":"https:\/\/gehlsdorfer-grundschule.de\/index.php\/wp-json\/wp\/v2\/comments?post=218"}],"version-history":[{"count":2,"href":"https:\/\/gehlsdorfer-grundschule.de\/index.php\/wp-json\/wp\/v2\/pages\/218\/revisions"}],"predecessor-version":[{"id":527,"href":"https:\/\/gehlsdorfer-grundschule.de\/index.php\/wp-json\/wp\/v2\/pages\/218\/revisions\/527"}],"wp:attachment":[{"href":"https:\/\/gehlsdorfer-grundschule.de\/index.php\/wp-json\/wp\/v2\/media?parent=218"}],"curies":[{"name":"wp","href":"https:\/\/api.w.org\/{rel}","templated":true}]}}