{"id":21,"date":"2022-12-06T20:50:19","date_gmt":"2022-12-06T19:50:19","guid":{"rendered":"http:\/\/wp12463810.server-he.de\/schulen\/1001\/?page_id=21"},"modified":"2024-06-12T21:16:51","modified_gmt":"2024-06-12T19:16:51","slug":"schulsozialarbeit","status":"publish","type":"page","link":"https:\/\/gehlsdorfer-grundschule.de\/index.php\/schulsozialarbeit\/","title":{"rendered":"Schulsozialarbeit"},"content":{"rendered":"\n<p><strong>Liebe Eltern, liebe Sch\u00fcler\/Sch\u00fclerinnen, liebe Interessierte,<\/strong><\/p>\n\n\n\n<p>mein Name ist&nbsp;<strong>Nadine Schaubs<\/strong>&nbsp;und ich bin die Schulsozialarbeiterin an der Gehlsdorfer Grundschule.<\/p>\n\n\n\n<p><strong>Kontakt:<\/strong><br>E-Mail: ssa.gehlsdorf@drk-rostock.de<br>Telefonnummer: 0176 14544281<br>Raum: Bibliothek im 1. Stock<\/p>\n\n\n\n<p>Mein Tr\u00e4ger ist das Deutsche Rote Kreuz. <br>Ich sehe mich als vertrauensvoller Ansprechpartner f\u00fcr alle Sch\u00fclerinnen und Sch\u00fcler der Gehlsdorfer Grundschule, deren Eltern und Sorgeberechtigten, aber auch dem Lehrerkollegium.<\/p>\n\n\n\n<p><br><strong>Die Schulsozialarbeit unterst\u00fctzt:<\/strong><br>Sch\u00fclerinnen und Sch\u00fcler bei privaten und schulischen Fragen und ProblemenKlassen oder Gruppen bei Themen, die ihnen wichtig sind, oder bei KonfliktenLehrerinnen und Lehrer sowie die Schulleitung bei schulischen und p\u00e4dagogischen FragenEltern und andere Personensorgeberechtigte bei Erziehungsfragen und Kontakt zur Schule<\/p>\n\n\n\n<p><br>Mein Aufgabenschwerpunkt liegt in der Beratung von Kindern, Eltern, Betreuungskr\u00e4ften sowie Lehrerinnen und Lehrern. Die Gespr\u00e4che sind freiwillig und vertraulich, dass hei\u00dft sie unterliegen der Schweigepflicht.<\/p>\n\n\n\n<p><strong>Zu meinen weiteren Aufgaben geh\u00f6ren:<\/strong><br>offene Gespr\u00e4chsangebote &#8211; Mediation \u2013 Streitschlichtung \/ Ausbildung von Streitschlichtern und Pausenregeln-soziales Kompetenztraining-sozialp\u00e4dagogische Beratung und Begleitung einzelner Sch\u00fcler\/-innen-Pr\u00e4vention von Mobbing \/ Hilfe und Unterst\u00fctzung f\u00fcr von Mobbing betroffene Kinder-Ansprechpartner bei Verdacht auf Kindeswohlgef\u00e4hrdung-Kooperation mit au\u00dferschulischen Partnerinnen und Partnern, dem Amt f\u00fcr Jugend, Soziales und Asyl, und vielen mehr<\/p>\n\n\n\n<p><br><strong>Grunds\u00e4tze der Schulsozialarbeiter:<\/strong><br>anvertraute Themen werden mit Sicht auf eine individuelle Probleml\u00f6sung vertraulich behandelt und unterliegen der Schweigepflicht &#8211; Teilnahme an Angeboten ist freiwillig &#8211; partnerschaftliche Zusammenarbeit mit der Schule und den Eltern &#8211; Einbeziehung von Kindern und Jugendlichen in Entscheidungsprozesse<\/p>\n\n\n\n<p><br>Ich freue mich auf eine tolle Zusammenarbeit mit Ihnen und Ihren Kindern.<br>Vielleicht haben Sie die eine oder andere Sache, die Sie mit mir besprechen m\u00f6chten.<br>\u00dcber W\u00fcnsche und Anregungen Ihrerseits bin ich sehr dankbar.<\/p>\n\n\n\n<p><br><strong>Meine Sprechzeiten:<\/strong><br>Montag: 08:00 &#8211; 13:00 Uhr<br>Dienstag: nach Vereinbarung<br>Mittwoch: 08:00 &#8211; 13:00 Uhr<br>Donnerstag: 08:00 &#8211; 13:00 Uhr<br>Freitag: 08:00 &#8211; 13:00 Uhr<\/p>\n\n\n\n<p>Termine au\u00dferhalb der Sprechzeiten nach Vereinbarung.<\/p>\n\n\n\n<p><strong>Schulsozialarbeit<\/strong> ist ein sozialp\u00e4dagogisches Angebot der Kinder- und Jugend\u00adhilfe in Schule und deren sozialem Umfeld. Sie richtet sich vorwiegend an Sch\u00fcler*innen mit dem Auftrag, sie in ihrer schulischen und beruflichen Ausbildung, Eingliederung in die Arbeitswelt und ihre soziale Integration zu f\u00f6rdern. Dar\u00fcber hinaus steht sie Eltern und Lehrer*innen bei deren Erziehungs- und Bildungsauftrag unterst\u00fctzend zur Seite.<\/p>\n\n\n\n<p>Dieses Angebot wird gef\u00f6rdert durch:<\/p>\n\n\n<div class=\"wp-block-image\">\n<figure class=\"alignleft size-full is-resized\"><img loading=\"lazy\" decoding=\"async\" width=\"207\" height=\"141\" src=\"https:\/\/gehlsdorfer-grundschule.de\/wp-content\/uploads\/2023\/07\/Logo-Hansestadt-Rostock.jpg\" alt=\"\" class=\"wp-image-744\" style=\"width:233px;height:159px\"\/><\/figure>\n<\/div>\n\n\n<figure class=\"wp-block-image size-full is-resized\"><img loading=\"lazy\" decoding=\"async\" width=\"215\" height=\"160\" src=\"https:\/\/gehlsdorfer-grundschule.de\/wp-content\/uploads\/2024\/06\/MV-tut-gut-1.png\" alt=\"\" class=\"wp-image-908\" style=\"width:230px;height:auto\"\/><\/figure>\n\n\n\n<figure class=\"wp-block-image size-large is-resized\"><img loading=\"lazy\" decoding=\"async\" width=\"1024\" height=\"215\" src=\"https:\/\/gehlsdorfer-grundschule.de\/wp-content\/uploads\/2023\/07\/ESF_Logo_neu23-1024x215.jpg\" alt=\"\" class=\"wp-image-743\" style=\"width:309px;height:65px\" srcset=\"https:\/\/gehlsdorfer-grundschule.de\/wp-content\/uploads\/2023\/07\/ESF_Logo_neu23-1024x215.jpg 1024w, https:\/\/gehlsdorfer-grundschule.de\/wp-content\/uploads\/2023\/07\/ESF_Logo_neu23-300x63.jpg 300w, https:\/\/gehlsdorfer-grundschule.de\/wp-content\/uploads\/2023\/07\/ESF_Logo_neu23-768x161.jpg 768w, https:\/\/gehlsdorfer-grundschule.de\/wp-content\/uploads\/2023\/07\/ESF_Logo_neu23-1536x322.jpg 1536w, https:\/\/gehlsdorfer-grundschule.de\/wp-content\/uploads\/2023\/07\/ESF_Logo_neu23-2048x430.jpg 2048w\" sizes=\"auto, (max-width: 1024px) 100vw, 1024px\" \/><\/figure>\n","protected":false},"excerpt":{"rendered":"<p>Liebe Eltern, liebe Sch\u00fcler\/Sch\u00fclerinnen, liebe Interessierte, mein Name ist&nbsp;Nadine Schaubs&nbsp;und ich bin die Schulsozialarbeiterin an der Gehlsdorfer Grundschule. Kontakt:E-Mail: ssa.gehlsdorf@drk-rostock.deTelefonnummer: 0176 14544281Raum: Bibliothek im 1. Stock Mein Tr\u00e4ger ist das Deutsche Rote Kreuz. Ich sehe mich als vertrauensvoller Ansprechpartner f\u00fcr &hellip; <\/p>\n","protected":false},"author":1,"featured_media":0,"parent":0,"menu_order":0,"comment_status":"closed","ping_status":"closed","template":"","meta":{"footnotes":""},"class_list":["post-21","page","type-page","status-publish","hentry"],"_links":{"self":[{"href":"https:\/\/gehlsdorfer-grundschule.de\/index.php\/wp-json\/wp\/v2\/pages\/21","targetHints":{"allow":["GET"]}}],"collection":[{"href":"https:\/\/gehlsdorfer-grundschule.de\/index.php\/wp-json\/wp\/v2\/pages"}],"about":[{"href":"https:\/\/gehlsdorfer-grundschule.de\/index.php\/wp-json\/wp\/v2\/types\/page"}],"author":[{"embeddable":true,"href":"https:\/\/gehlsdorfer-grundschule.de\/index.php\/wp-json\/wp\/v2\/users\/1"}],"replies":[{"embeddable":true,"href":"https:\/\/gehlsdorfer-grundschule.de\/index.php\/wp-json\/wp\/v2\/comments?post=21"}],"version-history":[{"count":13,"href":"https:\/\/gehlsdorfer-grundschule.de\/index.php\/wp-json\/wp\/v2\/pages\/21\/revisions"}],"predecessor-version":[{"id":912,"href":"https:\/\/gehlsdorfer-grundschule.de\/index.php\/wp-json\/wp\/v2\/pages\/21\/revisions\/912"}],"wp:attachment":[{"href":"https:\/\/gehlsdorfer-grundschule.de\/index.php\/wp-json\/wp\/v2\/media?parent=21"}],"curies":[{"name":"wp","href":"https:\/\/api.w.org\/{rel}","templated":true}]}}