{"id":15,"date":"2022-12-06T20:47:39","date_gmt":"2022-12-06T19:47:39","guid":{"rendered":"http:\/\/wp12463810.server-he.de\/schulen\/1001\/?page_id=15"},"modified":"2025-09-04T13:19:08","modified_gmt":"2025-09-04T11:19:08","slug":"schulhort","status":"publish","type":"page","link":"https:\/\/gehlsdorfer-grundschule.de\/index.php\/schulhort\/","title":{"rendered":"Hort"},"content":{"rendered":"\n<figure class=\"wp-block-image size-full\"><img loading=\"lazy\" decoding=\"async\" width=\"901\" height=\"466\" src=\"https:\/\/gehlsdorfer-grundschule.de\/wp-content\/uploads\/2022\/12\/Screenshot-2022-12-06-204502.jpg\" alt=\"\" class=\"wp-image-16\" srcset=\"https:\/\/gehlsdorfer-grundschule.de\/wp-content\/uploads\/2022\/12\/Screenshot-2022-12-06-204502.jpg 901w, https:\/\/gehlsdorfer-grundschule.de\/wp-content\/uploads\/2022\/12\/Screenshot-2022-12-06-204502-300x155.jpg 300w, https:\/\/gehlsdorfer-grundschule.de\/wp-content\/uploads\/2022\/12\/Screenshot-2022-12-06-204502-768x397.jpg 768w\" sizes=\"auto, (max-width: 901px) 100vw, 901px\" \/><\/figure>\n\n\n\n<p class=\"has-text-align-left\">Der Verein \u201eKindervilla Cords e.V.\u201c als Kooperationspartner bietet in unserer Schule alle M\u00f6glichkeiten eines Schulhortes. Hier kann Ihr Kind nicht nur die Hausaufgaben machen und ein gesundes Mittagessen zu sich nehmen. Der Hort bietet in unseren R\u00e4umen auch eine Vielzahl an Freizeitm\u00f6glichkeiten an.<\/p>\n\n\n\n<p>Eine Kommunikation \u00fcber die Bed\u00fcrfnisse und Befindlichkeiten Ihres Kindes erm\u00f6glicht eine gemeinsame Begleitung und Betreuung auch nach dem Schulunterricht. Weitere Informationen erhalten Sie im Hort und an unserer Schule. <\/p>\n\n\n\n<p><a href=\"https:\/\/www.kindervilla-cords.de\/hort.html\" target=\"_blank\" rel=\"noreferrer noopener\">https:\/\/www.kindervilla-cords.de\/hort.html<\/a><\/p>\n\n\n\n<p><strong>Kontakt<\/strong><br>Gesch\u00e4ftsf\u00fchrer: Peter-Paul Ruth<\/p>\n\n\n\n<p>Hort-Leitung: Mandy Twardowski<br>Telefon: 0381 \/ 63729868<br>Horthandy: 0152 \/ 59700150<br>E-Mail:\u00a0<a href=\"mailto:hort@kindervilla-cords.de\">hort@kindervilla-cords.de<\/a><\/p>\n\n\n\n<p><strong>\u00d6ffnungszeiten<\/strong><br>Fr\u00fchhort: 6.30-7.30 Uhr (Fr\u00fchhort)<br>10.30 bis 17.00 Uhr<br>Ferien\u00f6ffnungszeiten: 7.30 Uhr-16.00 Uhr<br>Weihnachtsschlie\u00dfzeit:&nbsp;22.12.2025 bis 02.01.2026<br>Weiterbildungstag: 15.05.2026<br>Sommerschlie\u00dfzeit: 27.07. bis 07.08.2026<br>Der Ganztagsplatz im Hort umfasst 30 Wochenstunden.<\/p>\n\n\n\n<p><\/p>\n","protected":false},"excerpt":{"rendered":"<p>Der Verein \u201eKindervilla Cords e.V.\u201c als Kooperationspartner bietet in unserer Schule alle M\u00f6glichkeiten eines Schulhortes. Hier kann Ihr Kind nicht nur die Hausaufgaben machen und ein gesundes Mittagessen zu sich nehmen. Der Hort bietet in unseren R\u00e4umen auch eine Vielzahl &hellip; <\/p>\n","protected":false},"author":1,"featured_media":0,"parent":0,"menu_order":0,"comment_status":"closed","ping_status":"closed","template":"","meta":{"footnotes":""},"class_list":["post-15","page","type-page","status-publish","hentry"],"_links":{"self":[{"href":"https:\/\/gehlsdorfer-grundschule.de\/index.php\/wp-json\/wp\/v2\/pages\/15","targetHints":{"allow":["GET"]}}],"collection":[{"href":"https:\/\/gehlsdorfer-grundschule.de\/index.php\/wp-json\/wp\/v2\/pages"}],"about":[{"href":"https:\/\/gehlsdorfer-grundschule.de\/index.php\/wp-json\/wp\/v2\/types\/page"}],"author":[{"embeddable":true,"href":"https:\/\/gehlsdorfer-grundschule.de\/index.php\/wp-json\/wp\/v2\/users\/1"}],"replies":[{"embeddable":true,"href":"https:\/\/gehlsdorfer-grundschule.de\/index.php\/wp-json\/wp\/v2\/comments?post=15"}],"version-history":[{"count":9,"href":"https:\/\/gehlsdorfer-grundschule.de\/index.php\/wp-json\/wp\/v2\/pages\/15\/revisions"}],"predecessor-version":[{"id":1086,"href":"https:\/\/gehlsdorfer-grundschule.de\/index.php\/wp-json\/wp\/v2\/pages\/15\/revisions\/1086"}],"wp:attachment":[{"href":"https:\/\/gehlsdorfer-grundschule.de\/index.php\/wp-json\/wp\/v2\/media?parent=15"}],"curies":[{"name":"wp","href":"https:\/\/api.w.org\/{rel}","templated":true}]}}